{"id":320,"date":"2022-04-09T06:38:11","date_gmt":"2022-04-09T06:38:11","guid":{"rendered":"https:\/\/koristusfirma-ee.vserver.zonevs.eu\/kontakt\/"},"modified":"2026-04-01T12:20:14","modified_gmt":"2026-04-01T12:20:14","slug":"kontakt","status":"publish","type":"page","link":"https:\/\/koristusfirma.ee\/ru\/kontakt\/","title":{"rendered":"\u041a\u043e\u043d\u0442\u0430\u043a\u0442"},"content":{"rendered":"\n<div class=\"wp-block-columns is-layout-flex wp-container-core-columns-is-layout-28f84493 wp-block-columns-is-layout-flex\">\n<div class=\"wp-block-column is-layout-flow wp-block-column-is-layout-flow\" style=\"flex-basis:33.33%\">\n<p class=\"wp-el\"><strong>\u0422\u0430\u043b\u043b\u0438\u043d\u043d: <\/strong><br>Koristusfirma O\u00dc<br>Tel: <a href=\"tel:5104745\" data-type=\"tel\" data-id=\"tel:5104745\">510 4745<\/a><br>\u0420\u0435\u0433. \u043a\u043e\u0434: 12489259<br>N\u00f5lva 4, Tallinn<\/p>\n\n\n\n<p class=\"wp-el\"><strong>\u041a\u043e\u0445\u0442\u043b\u0430-\u042f\u0440\u0432\u0435 \u0438 \u0419\u044b\u0445\u0432\u0438: <\/strong><br>J\u00e4rve Maja O\u00dc<br>P\u00f5hja Allee 9<br>Kohtla-J\u00e4rve, 30323 Ida-Viru maakond<\/p>\n<\/div>\n\n\n\n<div class=\"wp-block-column is-layout-flow wp-block-column-is-layout-flow\" style=\"flex-basis:66.66%\">\n<div class=\"wp-block-contact-form-7-contact-form-selector\">\n<div class=\"wpcf7 no-js\" id=\"wpcf7-f695-o1\" lang=\"et\" dir=\"ltr\" data-wpcf7-id=\"695\">\n<div class=\"screen-reader-response\"><p role=\"status\" aria-live=\"polite\" aria-atomic=\"true\"><\/p> <ul><\/ul><\/div>\n<form action=\"\/ru\/wp-json\/wp\/v2\/pages\/320#wpcf7-f695-o1\" method=\"post\" class=\"wpcf7-form init\" aria-label=\"Contact form\" novalidate=\"novalidate\" data-status=\"init\">\n<fieldset class=\"hidden-fields-container\"><input type=\"hidden\" name=\"_wpcf7\" value=\"695\" \/><input type=\"hidden\" name=\"_wpcf7_version\" value=\"6.1.5\" \/><input type=\"hidden\" name=\"_wpcf7_locale\" value=\"et\" \/><input type=\"hidden\" name=\"_wpcf7_unit_tag\" value=\"wpcf7-f695-o1\" \/><input type=\"hidden\" name=\"_wpcf7_container_post\" value=\"0\" \/><input type=\"hidden\" name=\"_wpcf7_posted_data_hash\" value=\"\" \/>\n<\/fieldset>\n<div class=\"row row-grid\">\n<div class=\"col-12 col-lg-6\"><div class=\"material-style\"><span class=\"wpcf7-form-control-wrap\" data-name=\"your-name\"><input size=\"40\" maxlength=\"400\" class=\"wpcf7-form-control wpcf7-text wpcf7-validates-as-required\" aria-required=\"true\" aria-invalid=\"false\" value=\"\" type=\"text\" name=\"your-name\" \/><\/span><label>\u0418\u043c\u044f<\/label><\/div><\/div>\n<div class=\"col-12 col-lg-6\"><div class=\"material-style\"><span class=\"wpcf7-form-control-wrap\" data-name=\"your-email\"><input size=\"40\" maxlength=\"400\" class=\"wpcf7-form-control wpcf7-email wpcf7-validates-as-required wpcf7-text wpcf7-validates-as-email\" aria-required=\"true\" aria-invalid=\"false\" value=\"\" type=\"email\" name=\"your-email\" \/><\/span><label>\u042d\u043b. \u0430\u0434\u0440\u0435\u0441<\/label><\/div><\/div>\n<div class=\"col-12\"><label>\u0412\u044b\u0431\u0435\u0440\u0438\u0442\u0435 \u0443\u0441\u043b\u0443\u0433\u0443<\/label><span class=\"wpcf7-form-control-wrap\" data-name=\"your-service\"><select class=\"wpcf7-form-control wpcf7-select\" aria-invalid=\"false\" name=\"your-service\"><option value=\"\">\u2014\u041f\u043e\u0436\u0430\u043b\u0443\u0439\u0441\u0442\u0430, \u0441\u0434\u0435\u043b\u0430\u0439\u0442\u0435 \u0432\u044b\u0431\u043e\u0440\u2014<\/option><option value=\"\u0423\u0431\u043e\u0440\u043a\u0430 \u043c\u043d\u043e\u0433\u043e\u043a\u0432\u0430\u0440\u0442\u0438\u0440\u043d\u044b\u0445 \u0434\u043e\u043c\u043e\u0432\">\u0423\u0431\u043e\u0440\u043a\u0430 \u043c\u043d\u043e\u0433\u043e\u043a\u0432\u0430\u0440\u0442\u0438\u0440\u043d\u044b\u0445 \u0434\u043e\u043c\u043e\u0432<\/option><option value=\"\u0421\u043f\u0435\u0446\u0438\u0430\u043b\u044c\u043d\u044b\u0435 \u0440\u0430\u0431\u043e\u0442\u044b \u043f\u043e \u0443\u0431\u043e\u0440\u043a\u0435\">\u0421\u043f\u0435\u0446\u0438\u0430\u043b\u044c\u043d\u044b\u0435 \u0440\u0430\u0431\u043e\u0442\u044b \u043f\u043e \u0443\u0431\u043e\u0440\u043a\u0435<\/option><option value=\"\u0423\u0441\u043b\u0443\u0433\u0438 \u043f\u043e \u0443\u0431\u043e\u0440\u043a\u0435 \u0434\u043b\u044f \u0431\u0438\u0437\u043d\u0435\u0441-\u043a\u043b\u0438\u0435\u043d\u0442\u043e\u0432\">\u0423\u0441\u043b\u0443\u0433\u0438 \u043f\u043e \u0443\u0431\u043e\u0440\u043a\u0435 \u0434\u043b\u044f \u0431\u0438\u0437\u043d\u0435\u0441-\u043a\u043b\u0438\u0435\u043d\u0442\u043e\u0432<\/option><option value=\"\u0423\u0441\u043b\u0443\u0433\u0438 \u043f\u043e \u0443\u0431\u043e\u0440\u043a\u0435 \u0434\u043b\u044f \u0441\u0442\u0440\u043e\u0438\u0442\u0435\u043b\u044c\u043d\u043e\u0433\u043e \u0441\u0435\u043a\u0442\u043e\u0440\u0430\">\u0423\u0441\u043b\u0443\u0433\u0438 \u043f\u043e \u0443\u0431\u043e\u0440\u043a\u0435 \u0434\u043b\u044f \u0441\u0442\u0440\u043e\u0438\u0442\u0435\u043b\u044c\u043d\u043e\u0433\u043e \u0441\u0435\u043a\u0442\u043e\u0440\u0430<\/option><option value=\"\u041c\u0435\u043b\u043a\u0438\u0439 \u0440\u0435\u043c\u043e\u043d\u0442 \u0438 \u0440\u0435\u043a\u043e\u043d\u0441\u0442\u0440\u0443\u043a\u0446\u0438\u044f \u0444\u0430\u0441\u0430\u0434\u0430\">\u041c\u0435\u043b\u043a\u0438\u0439 \u0440\u0435\u043c\u043e\u043d\u0442 \u0438 \u0440\u0435\u043a\u043e\u043d\u0441\u0442\u0440\u0443\u043a\u0446\u0438\u044f \u0444\u0430\u0441\u0430\u0434\u0430<\/option><\/select><\/span><\/div>\n<div class=\"col-12\"><div class=\"material-style\"><span class=\"wpcf7-form-control-wrap\" data-name=\"your-message\"><textarea cols=\"40\" rows=\"10\" maxlength=\"2000\" class=\"wpcf7-form-control wpcf7-textarea wpcf7-validates-as-required\" aria-required=\"true\" aria-invalid=\"false\" name=\"your-message\"><\/textarea><\/span><label>\u0421\u043e\u0434\u0435\u0440\u0436\u0430\u043d\u0438\u0435 \u043f\u0438\u0441\u044c\u043c\u0430<\/label><\/div><\/div>\n<\/div>\n<input class=\"wpcf7-form-control wpcf7-submit has-spinner\" type=\"submit\" value=\"\u041e\u0442\u043f\u0440\u0430\u0432\u0438\u0442\u044c\" \/><div class=\"wpcf7-response-output\" aria-hidden=\"true\"><\/div>\n<\/form>\n<\/div>\n<\/div>\n<\/div>\n<\/div>\n\n\n<div id=\"acf-block_25fbca5fa6eaa6a1890cdeaa6dbf88a3\" class=\"acf-block-element element-map alignmax position-relative d-flex flex-wrap align-items-center\" data-animate=\"T_FADE_100\"><div class=\"element-cover__bg has-multiple position-absolute overflow-hidden\"><iframe src=\"https:\/\/www.google.com\/maps\/embed?pb=!1m18!1m12!1m3!1d2028.5769909771623!2d24.75202371615798!3d59.44012930917571!2m3!1f0!2f0!3f0!3m2!1i1024!2i768!4f13.1!3m3!1m2!1s0x469293613360b80b%3A0xbb9ea11173b2d91e!2sMere%20pst%208%2C%2010111%20Tallinn!5e0!3m2!1set!2see!4v1649916060596!5m2!1set!2see\" width=\"600\" height=\"450\" style=\"border:0;\" allowfullscreen=\"\" loading=\"lazy\" referrerpolicy=\"no-referrer-when-downgrade\"><\/iframe><iframe src=\"https:\/\/www.google.com\/maps\/embed?pb=!1m18!1m12!1m3!1d2030.4923566160946!2d27.28279071607546!3d59.40818158168655!2m3!1f0!2f0!3f0!3m2!1i1024!2i768!4f13.1!3m3!1m2!1s0x4694708c34a88e1d%3A0x47dd0d2428877209!2zSsOkcnZlIMOcaGlzZWxhbXUgT8Oc!5e0!3m2!1sen!2see!4v1649915874358!5m2!1sen!2see\" width=\"600\" height=\"450\" style=\"border:0;\" allowfullscreen=\"\" loading=\"lazy\" referrerpolicy=\"no-referrer-when-downgrade\"><\/iframe><\/div><\/div>","protected":false},"excerpt":{"rendered":"<p>\u0422\u0430\u043b\u043b\u0438\u043d\u043d: Koristusfirma O\u00dcTel: 510 4745\u0420\u0435\u0433. \u043a\u043e\u0434: 12489259N\u00f5lva 4, Tallinn \u041a\u043e\u0445\u0442\u043b\u0430-\u042f\u0440\u0432\u0435 \u0438 \u0419\u044b\u0445\u0432\u0438: J\u00e4rve Maja O\u00dcP\u00f5hja Allee 9Kohtla-J\u00e4rve, 30323 Ida-Viru maakond<\/p>\n","protected":false},"author":1,"featured_media":0,"parent":0,"menu_order":40,"comment_status":"closed","ping_status":"closed","template":"","meta":{"_acf_changed":false,"inline_featured_image":false,"footnotes":""},"class_list":["post-320","page","type-page","status-publish","hentry"],"acf":[],"_links":{"self":[{"href":"https:\/\/koristusfirma.ee\/ru\/wp-json\/wp\/v2\/pages\/320","targetHints":{"allow":["GET"]}}],"collection":[{"href":"https:\/\/koristusfirma.ee\/ru\/wp-json\/wp\/v2\/pages"}],"about":[{"href":"https:\/\/koristusfirma.ee\/ru\/wp-json\/wp\/v2\/types\/page"}],"author":[{"embeddable":true,"href":"https:\/\/koristusfirma.ee\/ru\/wp-json\/wp\/v2\/users\/1"}],"replies":[{"embeddable":true,"href":"https:\/\/koristusfirma.ee\/ru\/wp-json\/wp\/v2\/comments?post=320"}],"version-history":[{"count":17,"href":"https:\/\/koristusfirma.ee\/ru\/wp-json\/wp\/v2\/pages\/320\/revisions"}],"predecessor-version":[{"id":707,"href":"https:\/\/koristusfirma.ee\/ru\/wp-json\/wp\/v2\/pages\/320\/revisions\/707"}],"wp:attachment":[{"href":"https:\/\/koristusfirma.ee\/ru\/wp-json\/wp\/v2\/media?parent=320"}],"curies":[{"name":"wp","href":"https:\/\/api.w.org\/{rel}","templated":true}]}}